{"id":406,"date":"2024-10-22T22:49:46","date_gmt":"2024-10-23T01:49:46","guid":{"rendered":"https:\/\/www.esclavasconosur.org\/sitio\/?page_id=406"},"modified":"2024-10-23T10:01:20","modified_gmt":"2024-10-23T13:01:20","slug":"100-anos-y-sigues-dando-fruto","status":"publish","type":"page","link":"https:\/\/www.esclavasconosur.org\/sitio\/?page_id=406","title":{"rendered":"100 a\u00f1os y sigues dando fruto"},"content":{"rendered":"\t\t<div data-elementor-type=\"wp-page\" data-elementor-id=\"406\" class=\"elementor elementor-406\">\n\t\t\t\t<div class=\"elementor-element elementor-element-7bf9f3c e-con-full e-flex e-con e-parent\" data-id=\"7bf9f3c\" data-element_type=\"container\" data-e-type=\"container\" data-settings=\"{&quot;background_background&quot;:&quot;gradient&quot;}\">\n\t\t<div class=\"elementor-element elementor-element-c394880 e-flex e-con-boxed e-con e-child\" data-id=\"c394880\" data-element_type=\"container\" data-e-type=\"container\" data-settings=\"{&quot;background_background&quot;:&quot;classic&quot;}\">\n\t\t\t\t\t<div class=\"e-con-inner\">\n\t\t\t\t<div class=\"elementor-element elementor-element-f75ed9d elementor-widget elementor-widget-heading\" data-id=\"f75ed9d\" data-element_type=\"widget\" data-e-type=\"widget\" data-widget_type=\"heading.default\">\n\t\t\t\t<div class=\"elementor-widget-container\">\n\t\t\t\t\t<h2 class=\"elementor-heading-title elementor-size-default\">A\u00d1O DEL CENTENARIO            <\/h2>\t\t\t\t<\/div>\n\t\t\t\t<\/div>\n\t\t\t\t\t<\/div>\n\t\t\t\t<\/div>\n\t\t\t\t<\/div>\n\t\t<div class=\"elementor-element elementor-element-9c466a5 e-flex e-con-boxed e-con e-parent\" data-id=\"9c466a5\" data-element_type=\"container\" data-e-type=\"container\">\n\t\t\t\t\t<div class=\"e-con-inner\">\n\t\t<div class=\"elementor-element elementor-element-db9a37c e-con-full e-flex e-con e-child\" data-id=\"db9a37c\" data-element_type=\"container\" data-e-type=\"container\" data-settings=\"{&quot;background_background&quot;:&quot;slideshow&quot;,&quot;background_slideshow_gallery&quot;:[{&quot;id&quot;:413,&quot;url&quot;:&quot;https:\\\/\\\/www.esclavasconosur.org\\\/sitio\\\/wp-content\\\/uploads\\\/2024\\\/10\\\/3.png&quot;}],&quot;background_slideshow_loop&quot;:&quot;yes&quot;,&quot;background_slideshow_slide_duration&quot;:5000,&quot;background_slideshow_slide_transition&quot;:&quot;fade&quot;,&quot;background_slideshow_transition_duration&quot;:500}\">\n\t\t\t\t<\/div>\n\t\t<div class=\"elementor-element elementor-element-e8a539c e-con-full e-flex e-con e-child\" data-id=\"e8a539c\" data-element_type=\"container\" data-e-type=\"container\">\n\t\t\t\t<div class=\"elementor-element elementor-element-1a10cc3 elementor-widget elementor-widget-text-editor\" data-id=\"1a10cc3\" data-element_type=\"widget\" data-e-type=\"widget\" data-widget_type=\"text-editor.default\">\n\t\t\t\t<div class=\"elementor-widget-container\">\n\t\t\t\t\t\t\t\t\t<p style=\"text-align: left;\">Celebrar un aniversario siempre es una oportunidad para volver sobre nuestras ra\u00edces con profundo agradecimiento por toda la vida que ha generado la entrega de Santa Rafaela Mar\u00eda. Es una ocasi\u00f3n para hacer memoria y seguir bebiendo de las fuentes que nos han nutrido.<br \/>Un a\u00f1o para adentrarnos en las virtudes que hicieron de ella una santa: su profunda libertad, al buscar \u201csolo y solo la voluntad de Dios, y siempre\u201d; su entra\u00f1able uni\u00f3n con Jes\u00fas, verificada en todo lo que viv\u00eda. Su vida se fue haciendo cimiento capaz de sostener y permitir que el edificio crezca. Santa Rafaela fue una mujer que supo escuchar a Dios. Aprendi\u00f3 a hacerlo en largas horas de contemplaci\u00f3n silenciosa ante Cristo Eucarist\u00eda y tambi\u00e9n aprendi\u00f3 a escuchar a Dios en la vida, en los encuentros con las personas y en la lectura de los acontecimientos que iba viviendo. Creo que hoy nos dir\u00eda: &#8220;Mirad al Coraz\u00f3n de Jes\u00fas para, desde su Coraz\u00f3n, abrazar todo lo que Jes\u00fas abraza&#8221;. \u00a1C\u00f3mo nos hablar\u00eda hoy y c\u00f3mo resonar\u00edan en ella las fracturas de nuestro mundo, la realidad de la movilidad humana y sus desaf\u00edos, la sinodalidad!&#8221;\u00a0 Rosario Fern\u00e1ndez Villar\u00e1n. Carta 6\/01\/2024<\/p>\t\t\t\t\t\t\t\t<\/div>\n\t\t\t\t<\/div>\n\t\t\t\t<\/div>\n\t\t\t\t\t<\/div>\n\t\t\t\t<\/div>\n\t\t<div class=\"elementor-element elementor-element-6928969 e-flex e-con-boxed e-con e-parent\" data-id=\"6928969\" data-element_type=\"container\" data-e-type=\"container\">\n\t\t\t\t\t<div class=\"e-con-inner\">\n\t\t<div class=\"elementor-element elementor-element-1582cc5 e-con-full e-flex e-con e-child\" data-id=\"1582cc5\" data-element_type=\"container\" data-e-type=\"container\">\n\t\t\t\t<div class=\"elementor-element elementor-element-6b2398e elementor-widget elementor-widget-text-editor\" data-id=\"6b2398e\" data-element_type=\"widget\" data-e-type=\"widget\" data-widget_type=\"text-editor.default\">\n\t\t\t\t<div class=\"elementor-widget-container\">\n\t\t\t\t\t\t\t\t\t<p style=\"text-align: left;\">Rafaela Mar\u00eda, mujer, Esclava del Coraz\u00f3n de Jes\u00fas, amiga y compa\u00f1era.<\/p><p>Cien a\u00f1os creciendo tu \u00e1rbol, ese que un d\u00eda plantaste con la M. Pilar, enraizado en Jes\u00fas Eucarist\u00eda.<\/p><p>Hoy, con agradecimiento, contemplamos sus frutos, diversos, maduros, de colorido variado, unos suaves, otros intensos, pero todos frutos de Reparaci\u00f3n, de Vida, de promoci\u00f3n, de amor.\u00a0\u00a0<\/p><p>Tu \u00e1rbol querido se viste de hojas que se renuevan al ritmo de las estaciones, como se renuevan con ilusi\u00f3n y esperanza las tareas, los compromisos, los sue\u00f1os de todos los que te seguimos: Esclavas, Familia ACI, colaboradores y amigos\u2026<\/p><p>Gracias Rafaela Mar\u00eda porque nos sigues cuidando, atenta al riego que necesita tu \u00e1rbol, intercediendo ante el \u201cJardinero\u201d que cada d\u00eda nos llama a seguirle porque quiere que, con \u00c9l, seamos felices.\u00a0<\/p>\t\t\t\t\t\t\t\t<\/div>\n\t\t\t\t<\/div>\n\t\t\t\t<\/div>\n\t\t<div class=\"elementor-element elementor-element-f4171e3 e-con-full e-flex e-con e-child\" data-id=\"f4171e3\" data-element_type=\"container\" data-e-type=\"container\" data-settings=\"{&quot;background_background&quot;:&quot;slideshow&quot;,&quot;background_slideshow_gallery&quot;:[{&quot;id&quot;:414,&quot;url&quot;:&quot;https:\\\/\\\/www.esclavasconosur.org\\\/sitio\\\/wp-content\\\/uploads\\\/2024\\\/10\\\/4.png&quot;}],&quot;background_slideshow_loop&quot;:&quot;yes&quot;,&quot;background_slideshow_slide_duration&quot;:5000,&quot;background_slideshow_slide_transition&quot;:&quot;fade&quot;,&quot;background_slideshow_transition_duration&quot;:500}\">\n\t\t\t\t<\/div>\n\t\t\t\t\t<\/div>\n\t\t\t\t<\/div>\n\t\t\t\t<\/div>\n\t\t","protected":false},"excerpt":{"rendered":"<p>A\u00d1O DEL CENTENARIO Celebrar un aniversario siempre es una oportunidad para volver sobre nuestras ra\u00edces con profundo agradecimiento por toda la vida que ha generado la entrega de Santa Rafaela Mar\u00eda. Es una ocasi\u00f3n para hacer memoria y seguir bebiendo de las fuentes que nos han nutrido.Un a\u00f1o para adentrarnos en las virtudes que hicieron&#8230;<\/p>\n","protected":false},"author":1,"featured_media":0,"parent":0,"menu_order":0,"comment_status":"closed","ping_status":"closed","template":"elementor_theme","meta":{"_kadence_starter_templates_imported_post":false,"_kad_post_transparent":"","_kad_post_title":"hide","_kad_post_layout":"fullwidth","_kad_post_sidebar_id":"","_kad_post_content_style":"unboxed","_kad_post_vertical_padding":"hide","_kad_post_feature":"hide","_kad_post_feature_position":"","_kad_post_header":false,"_kad_post_footer":false,"_kad_post_classname":"","footnotes":""},"class_list":["post-406","page","type-page","status-publish","hentry"],"jetpack_sharing_enabled":true,"_links":{"self":[{"href":"https:\/\/www.esclavasconosur.org\/sitio\/index.php?rest_route=\/wp\/v2\/pages\/406","targetHints":{"allow":["GET"]}}],"collection":[{"href":"https:\/\/www.esclavasconosur.org\/sitio\/index.php?rest_route=\/wp\/v2\/pages"}],"about":[{"href":"https:\/\/www.esclavasconosur.org\/sitio\/index.php?rest_route=\/wp\/v2\/types\/page"}],"author":[{"embeddable":true,"href":"https:\/\/www.esclavasconosur.org\/sitio\/index.php?rest_route=\/wp\/v2\/users\/1"}],"replies":[{"embeddable":true,"href":"https:\/\/www.esclavasconosur.org\/sitio\/index.php?rest_route=%2Fwp%2Fv2%2Fcomments&post=406"}],"version-history":[{"count":19,"href":"https:\/\/www.esclavasconosur.org\/sitio\/index.php?rest_route=\/wp\/v2\/pages\/406\/revisions"}],"predecessor-version":[{"id":439,"href":"https:\/\/www.esclavasconosur.org\/sitio\/index.php?rest_route=\/wp\/v2\/pages\/406\/revisions\/439"}],"wp:attachment":[{"href":"https:\/\/www.esclavasconosur.org\/sitio\/index.php?rest_route=%2Fwp%2Fv2%2Fmedia&parent=406"}],"curies":[{"name":"wp","href":"https:\/\/api.w.org\/{rel}","templated":true}]}}