{"id":377,"date":"2024-10-22T01:33:45","date_gmt":"2024-10-22T04:33:45","guid":{"rendered":"https:\/\/www.esclavasconosur.org\/sitio\/?page_id=377"},"modified":"2024-10-22T02:11:44","modified_gmt":"2024-10-22T05:11:44","slug":"carisma-y-mision-copy","status":"publish","type":"page","link":"https:\/\/www.esclavasconosur.org\/sitio\/?page_id=377","title":{"rendered":"Carisma y misi\u00f3n"},"content":{"rendered":"\t\t<div data-elementor-type=\"wp-page\" data-elementor-id=\"377\" class=\"elementor elementor-377\">\n\t\t\t\t<div class=\"elementor-element elementor-element-7bf9f3c e-flex e-con-boxed e-con e-parent\" data-id=\"7bf9f3c\" data-element_type=\"container\" data-e-type=\"container\" data-settings=\"{&quot;background_background&quot;:&quot;gradient&quot;}\">\n\t\t\t\t\t<div class=\"e-con-inner\">\n\t\t<div class=\"elementor-element elementor-element-c394880 e-flex e-con-boxed e-con e-child\" data-id=\"c394880\" data-element_type=\"container\" data-e-type=\"container\" data-settings=\"{&quot;background_background&quot;:&quot;classic&quot;}\">\n\t\t\t\t\t<div class=\"e-con-inner\">\n\t\t\t\t<div class=\"elementor-element elementor-element-f75ed9d elementor-widget elementor-widget-heading\" data-id=\"f75ed9d\" data-element_type=\"widget\" data-e-type=\"widget\" data-widget_type=\"heading.default\">\n\t\t\t\t<div class=\"elementor-widget-container\">\n\t\t\t\t\t<h2 class=\"elementor-heading-title elementor-size-default\">CARISMA Y MISI\u00d3N             <\/h2>\t\t\t\t<\/div>\n\t\t\t\t<\/div>\n\t\t\t\t\t<\/div>\n\t\t\t\t<\/div>\n\t\t\t\t\t<\/div>\n\t\t\t\t<\/div>\n\t\t<div class=\"elementor-element elementor-element-2a19d67 e-flex e-con-boxed e-con e-parent\" data-id=\"2a19d67\" data-element_type=\"container\" data-e-type=\"container\">\n\t\t\t\t\t<div class=\"e-con-inner\">\n\t\t<div class=\"elementor-element elementor-element-3857eb9 e-con-full e-flex e-con e-child\" data-id=\"3857eb9\" data-element_type=\"container\" data-e-type=\"container\">\n\t\t\t\t<div class=\"elementor-element elementor-element-e372ca0 elementor-widget elementor-widget-text-editor\" data-id=\"e372ca0\" data-element_type=\"widget\" data-e-type=\"widget\" data-widget_type=\"text-editor.default\">\n\t\t\t\t<div class=\"elementor-widget-container\">\n\t\t\t\t\t\t\t\t\t<p style=\"text-align: center;\"><span style=\"font-weight: 400;\">Nuestra Congregaci\u00f3n Esclavas del Sagrado Coraz\u00f3n de Jes\u00fas es llamada por Dios a trav\u00e9s de la Iglesia a colaborar en la<\/span><\/p><p style=\"text-align: center;\"><strong>\u00a0REPARACI\u00d3N AL CORAZ\u00d3N DE JES\u00daS.<\/strong><\/p>\t\t\t\t\t\t\t\t<\/div>\n\t\t\t\t<\/div>\n\t\t\t\t<\/div>\n\t\t\t\t\t<\/div>\n\t\t\t\t<\/div>\n\t\t<div class=\"elementor-element elementor-element-e5c7341 e-flex e-con-boxed e-con e-parent\" data-id=\"e5c7341\" data-element_type=\"container\" data-e-type=\"container\">\n\t\t\t\t\t<div class=\"e-con-inner\">\n\t\t<div class=\"elementor-element elementor-element-7f414e7 e-con-full e-flex e-con e-child\" data-id=\"7f414e7\" data-element_type=\"container\" data-e-type=\"container\">\n\t\t\t\t<div class=\"elementor-element elementor-element-b12b61e elementor-widget__width-initial elementor-widget elementor-widget-text-editor\" data-id=\"b12b61e\" data-element_type=\"widget\" data-e-type=\"widget\" data-widget_type=\"text-editor.default\">\n\t\t\t\t<div class=\"elementor-widget-container\">\n\t\t\t\t\t\t\t\t\t<p><span style=\"font-weight: 400;\">Jes\u00fas se hizo uno de nosotros para arreglar todo lo que el pecado arruin\u00f3. Lo hizo con su vida muerte y resurrecci\u00f3n. Los cristianos podemos unirnos a \u00c9l porque hemos sido reparados y participamos en su misi\u00f3n. Las Esclavas somos llamados para especializarnos en este carisma.<\/span><\/p><ul><li style=\"font-weight: 400;\" aria-level=\"1\"><span style=\"font-weight: 400;\">Es una tarea constructiva: vida en vez de muerte, bien en vez de mal<\/span><\/li><li style=\"font-weight: 400;\" aria-level=\"1\"><span style=\"font-weight: 400;\">Jes\u00fas realiz\u00f3 esto especialmente en su Pascua. Y nos invita a insertamos en ella<\/span><\/li><li style=\"font-weight: 400;\" aria-level=\"1\"><span style=\"font-weight: 400;\">Cada d\u00eda la Pascua de Jes\u00fas se actualiza en la Eucarist\u00eda: misa y adoraci\u00f3n; esta es la fuente de todo el bien que puede recibir la humanidad<\/span><\/li><\/ul>\t\t\t\t\t\t\t\t<\/div>\n\t\t\t\t<\/div>\n\t\t\t\t<\/div>\n\t\t<div class=\"elementor-element elementor-element-e26e5af e-con-full e-flex e-con e-child\" data-id=\"e26e5af\" data-element_type=\"container\" data-e-type=\"container\">\n\t\t\t\t<\/div>\n\t\t<div class=\"elementor-element elementor-element-763a97d e-con-full e-flex e-con e-child\" data-id=\"763a97d\" data-element_type=\"container\" data-e-type=\"container\">\n\t\t\t\t<\/div>\n\t\t<div class=\"elementor-element elementor-element-7a9af1d e-con-full e-flex e-con e-child\" data-id=\"7a9af1d\" data-element_type=\"container\" data-e-type=\"container\">\n\t\t\t\t<div class=\"elementor-element elementor-element-082096e elementor-widget elementor-widget-text-editor\" data-id=\"082096e\" data-element_type=\"widget\" data-e-type=\"widget\" data-widget_type=\"text-editor.default\">\n\t\t\t\t<div class=\"elementor-widget-container\">\n\t\t\t\t\t\t\t\t\t<ul><li style=\"font-weight: 400;\" aria-level=\"1\"><span style=\"font-weight: 400;\">Participar en esta aventura pascual es el sentido de nuestra vida, que se prolonga en lo que somos y hacemos.<\/span><\/li><li style=\"font-weight: 400;\" aria-level=\"1\"><span style=\"font-weight: 400;\">Tambi\u00e9n participamos en la vida de la humanidad cuando pecamos; en eso somos igual que todos, no mejores. Lo mejor es la CONFIANZA que tenemos en que Dios se especializa en acercarse a los vulnerables y auparlos para que participen en la tarea de Jes\u00fas.<\/span><\/li><li style=\"font-weight: 400;\" aria-level=\"1\"><span style=\"font-weight: 400;\">As\u00ed como actualmente el centro de la Pascua se actualiza en la la Eucarist\u00eda, esa fuente de vida sale del Coraz\u00f3n de Dios, humanizado en Jes\u00fas. Por eso ponemos toda nuestra libertad, como Mar\u00eda, en el Coraz\u00f3n de Jesucristo.<\/span><\/li><\/ul>\t\t\t\t\t\t\t\t<\/div>\n\t\t\t\t<\/div>\n\t\t\t\t<\/div>\n\t\t\t\t\t<\/div>\n\t\t\t\t<\/div>\n\t\t<div class=\"elementor-element elementor-element-616338c e-flex e-con-boxed e-con e-parent\" data-id=\"616338c\" data-element_type=\"container\" data-e-type=\"container\">\n\t\t\t\t\t<div class=\"e-con-inner\">\n\t\t<div class=\"elementor-element elementor-element-486b824 e-con-full e-flex e-con e-child\" data-id=\"486b824\" data-element_type=\"container\" data-e-type=\"container\">\n\t\t\t\t<div class=\"elementor-element elementor-element-69b1bf8 elementor-widget elementor-widget-text-editor\" data-id=\"69b1bf8\" data-element_type=\"widget\" data-e-type=\"widget\" data-widget_type=\"text-editor.default\">\n\t\t\t\t<div class=\"elementor-widget-container\">\n\t\t\t\t\t\t\t\t\t<ul><li style=\"font-weight: 400;\" aria-level=\"1\"><span style=\"font-weight: 400;\">Te aseguro que es una aventura apasionante.<\/span><\/li><li style=\"font-weight: 400;\" aria-level=\"1\"><span style=\"font-weight: 400;\">Este carisma y misi\u00f3n lo vivimos en comunidades, en las que pedimos la gracia de vivir el amor fraterno. Tratamos de agrandar el coraz\u00f3n, y nos dedicamos de manera especial a los m\u00e1s pobres (todo tipo de carencias)<\/span><\/li><li style=\"font-weight: 400;\" aria-level=\"1\"><span style=\"font-weight: 400;\">Las actividades que realizamos son la educaci\u00f3n evangelizadora, formal e informal, la colaboraci\u00f3n en las parroquias, la cercan\u00eda con los m\u00e1s necesitados, la promoci\u00f3n de la dignidad de las personas en las diversas situaciones, el apoyo a las familias.<\/span><\/li><\/ul>\t\t\t\t\t\t\t\t<\/div>\n\t\t\t\t<\/div>\n\t\t\t\t<\/div>\n\t\t<div class=\"elementor-element elementor-element-5eedb4e e-con-full e-flex e-con e-child\" data-id=\"5eedb4e\" data-element_type=\"container\" data-e-type=\"container\">\n\t\t\t\t<\/div>\n\t\t\t\t\t<\/div>\n\t\t\t\t<\/div>\n\t\t\t\t<\/div>\n\t\t","protected":false},"excerpt":{"rendered":"<p>CARISMA Y MISI\u00d3N Nuestra Congregaci\u00f3n Esclavas del Sagrado Coraz\u00f3n de Jes\u00fas es llamada por Dios a trav\u00e9s de la Iglesia a colaborar en la \u00a0REPARACI\u00d3N AL CORAZ\u00d3N DE JES\u00daS. Jes\u00fas se hizo uno de nosotros para arreglar todo lo que el pecado arruin\u00f3. Lo hizo con su vida muerte y resurrecci\u00f3n. Los cristianos podemos unirnos&#8230;<\/p>\n","protected":false},"author":1,"featured_media":0,"parent":0,"menu_order":0,"comment_status":"closed","ping_status":"closed","template":"elementor_header_footer","meta":{"_kadence_starter_templates_imported_post":false,"_kad_post_transparent":"","_kad_post_title":"hide","_kad_post_layout":"fullwidth","_kad_post_sidebar_id":"","_kad_post_content_style":"unboxed","_kad_post_vertical_padding":"hide","_kad_post_feature":"hide","_kad_post_feature_position":"","_kad_post_header":false,"_kad_post_footer":false,"_kad_post_classname":"","footnotes":""},"class_list":["post-377","page","type-page","status-publish","hentry"],"jetpack_sharing_enabled":true,"_links":{"self":[{"href":"https:\/\/www.esclavasconosur.org\/sitio\/index.php?rest_route=\/wp\/v2\/pages\/377","targetHints":{"allow":["GET"]}}],"collection":[{"href":"https:\/\/www.esclavasconosur.org\/sitio\/index.php?rest_route=\/wp\/v2\/pages"}],"about":[{"href":"https:\/\/www.esclavasconosur.org\/sitio\/index.php?rest_route=\/wp\/v2\/types\/page"}],"author":[{"embeddable":true,"href":"https:\/\/www.esclavasconosur.org\/sitio\/index.php?rest_route=\/wp\/v2\/users\/1"}],"replies":[{"embeddable":true,"href":"https:\/\/www.esclavasconosur.org\/sitio\/index.php?rest_route=%2Fwp%2Fv2%2Fcomments&post=377"}],"version-history":[{"count":10,"href":"https:\/\/www.esclavasconosur.org\/sitio\/index.php?rest_route=\/wp\/v2\/pages\/377\/revisions"}],"predecessor-version":[{"id":404,"href":"https:\/\/www.esclavasconosur.org\/sitio\/index.php?rest_route=\/wp\/v2\/pages\/377\/revisions\/404"}],"wp:attachment":[{"href":"https:\/\/www.esclavasconosur.org\/sitio\/index.php?rest_route=%2Fwp%2Fv2%2Fmedia&parent=377"}],"curies":[{"name":"wp","href":"https:\/\/api.w.org\/{rel}","templated":true}]}}