{"id":201,"date":"2024-10-13T15:34:07","date_gmt":"2024-10-13T18:34:07","guid":{"rendered":"https:\/\/www.esclavasconosur.org\/sitio\/?page_id=201"},"modified":"2024-10-19T12:55:28","modified_gmt":"2024-10-19T15:55:28","slug":"nuestras-fundadoras","status":"publish","type":"page","link":"https:\/\/www.esclavasconosur.org\/sitio\/?page_id=201","title":{"rendered":"Nuestras Fundadoras"},"content":{"rendered":"\t\t<div data-elementor-type=\"wp-page\" data-elementor-id=\"201\" class=\"elementor elementor-201\">\n\t\t\t\t<div class=\"elementor-element elementor-element-7bf9f3c e-flex e-con-boxed e-con e-parent\" data-id=\"7bf9f3c\" data-element_type=\"container\" data-e-type=\"container\" data-settings=\"{&quot;background_background&quot;:&quot;gradient&quot;}\">\n\t\t\t\t\t<div class=\"e-con-inner\">\n\t\t<div class=\"elementor-element elementor-element-c394880 e-flex e-con-boxed e-con e-child\" data-id=\"c394880\" data-element_type=\"container\" data-e-type=\"container\" data-settings=\"{&quot;background_background&quot;:&quot;classic&quot;}\">\n\t\t\t\t\t<div class=\"e-con-inner\">\n\t\t\t\t<div class=\"elementor-element elementor-element-f75ed9d elementor-widget elementor-widget-heading\" data-id=\"f75ed9d\" data-element_type=\"widget\" data-e-type=\"widget\" data-widget_type=\"heading.default\">\n\t\t\t\t<div class=\"elementor-widget-container\">\n\t\t\t\t\t<h2 class=\"elementor-heading-title elementor-size-default\">NUESTRAS FUNDADORAS                   <\/h2>\t\t\t\t<\/div>\n\t\t\t\t<\/div>\n\t\t\t\t\t<\/div>\n\t\t\t\t<\/div>\n\t\t\t\t\t<\/div>\n\t\t\t\t<\/div>\n\t\t<div class=\"elementor-element elementor-element-863022b e-flex e-con-boxed e-con e-parent\" data-id=\"863022b\" data-element_type=\"container\" data-e-type=\"container\">\n\t\t\t\t\t<div class=\"e-con-inner\">\n\t\t<div class=\"elementor-element elementor-element-10cc84e e-con-full e-flex e-con e-child\" data-id=\"10cc84e\" data-element_type=\"container\" data-e-type=\"container\">\n\t\t\t\t<div class=\"elementor-element elementor-element-f10987c elementor-widget elementor-widget-text-editor\" data-id=\"f10987c\" data-element_type=\"widget\" data-e-type=\"widget\" data-widget_type=\"text-editor.default\">\n\t\t\t\t<div class=\"elementor-widget-container\">\n\t\t\t\t\t\t\t\t\t<p><span style=\"font-weight: 400;\">Dos mujeres, hermanas, nacidas en Pedro Abad, pueblo cercano a la ciudad espa\u00f1ola de C\u00f3rdoba, fueron nuestras fundadoras: Rafaela Mar\u00eda (1850-1925) y Dolores, Porras Ayll\u00f3n (1846-1916).<\/span><\/p><p><span style=\"font-weight: 400;\">Criadas en una familia donde la fe cristiana se tradujo en la piedad y en las pr\u00e1cticas del buen samaritano: un ejemplo contundente fue la muerte de su padre, alcalde del pueblo, contagiado de c\u00f3lera sirviendo a los enfermos de aquel lugar.<\/span><\/p><p><span style=\"font-weight: 400;\">Su madre muri\u00f3 siendo ellas j\u00f3venes. Esta p\u00e9rdida tambi\u00e9n fue un hito en sus vidas que confirm\u00f3 a cada una, en una respuesta al llamado de Dios a vivir el Amor en sus vidas en la vocaci\u00f3n religiosa.<\/span><\/p><p><span style=\"font-weight: 400;\">No ten\u00edan inspiraciones de fundadoras, pero hab\u00edan recibido una educaci\u00f3n poco habitual en mujeres del siglo XIX, y si bien fueron d\u00f3ciles a las diferentes mediaciones de directores espirituales, ten\u00edan muy claro que nadie puede obligar a vivir una vocaci\u00f3n a la que no son llamadas.<\/span><\/p>\t\t\t\t\t\t\t\t<\/div>\n\t\t\t\t<\/div>\n\t\t\t\t<\/div>\n\t\t<div class=\"elementor-element elementor-element-74744dc e-con-full e-flex e-con e-child\" data-id=\"74744dc\" data-element_type=\"container\" data-e-type=\"container\">\n\t\t\t\t<div class=\"elementor-element elementor-element-dc0905f elementor-widget elementor-widget-image\" data-id=\"dc0905f\" data-element_type=\"widget\" data-e-type=\"widget\" data-widget_type=\"image.default\">\n\t\t\t\t<div class=\"elementor-widget-container\">\n\t\t\t\t\t\t\t\t\t\t\t\t\t\t\t<img fetchpriority=\"high\" decoding=\"async\" width=\"724\" height=\"1024\" src=\"https:\/\/www.esclavasconosur.org\/sitio\/wp-content\/uploads\/2024\/10\/1-1-724x1024.png\" class=\"attachment-large size-large wp-image-207\" alt=\"\" srcset=\"https:\/\/www.esclavasconosur.org\/sitio\/wp-content\/uploads\/2024\/10\/1-1-724x1024.png 724w, https:\/\/www.esclavasconosur.org\/sitio\/wp-content\/uploads\/2024\/10\/1-1-212x300.png 212w, https:\/\/www.esclavasconosur.org\/sitio\/wp-content\/uploads\/2024\/10\/1-1-768x1086.png 768w, https:\/\/www.esclavasconosur.org\/sitio\/wp-content\/uploads\/2024\/10\/1-1-1086x1536.png 1086w, https:\/\/www.esclavasconosur.org\/sitio\/wp-content\/uploads\/2024\/10\/1-1.png 1414w\" sizes=\"(max-width: 724px) 100vw, 724px\" \/>\t\t\t\t\t\t\t\t\t\t\t\t\t\t\t<\/div>\n\t\t\t\t<\/div>\n\t\t\t\t<\/div>\n\t\t\t\t\t<\/div>\n\t\t\t\t<\/div>\n\t\t<div class=\"elementor-element elementor-element-be5e07a e-flex e-con-boxed e-con e-parent\" data-id=\"be5e07a\" data-element_type=\"container\" data-e-type=\"container\">\n\t\t\t\t\t<div class=\"e-con-inner\">\n\t\t\t\t<div class=\"elementor-element elementor-element-a48bde7 elementor-widget elementor-widget-text-editor\" data-id=\"a48bde7\" data-element_type=\"widget\" data-e-type=\"widget\" data-widget_type=\"text-editor.default\">\n\t\t\t\t<div class=\"elementor-widget-container\">\n\t\t\t\t\t\t\t\t\t<p><span style=\"font-weight: 400;\">Concretar su llamada a la vida religiosa tuvo para ellas y el grupo originario de nuestra Congregaci\u00f3n, un itinerario con obst\u00e1culos. Para vivir el carisma reparador, eucar\u00edstico y con espiritualidad ignaciana, con lo que se sent\u00edan identificadas. Por eso, ellas consideraban que el verdadero fundador del Instituto, fue Jesucristo, ya que \u201c<i>a fuerza de deshacerse planes, se realizaba el del Coraz\u00f3n de Jes\u00fas<\/i>\u201d. As\u00ed naci\u00f3 en 1877 nuestra Congregaci\u00f3n.<\/span><\/p><p><span style=\"font-weight: 400;\">Santa Rafaela Mar\u00eda, Madre Sagrado Coraz\u00f3n en la vida religiosa, fue desde el inicio reconocida por su liderazgo espiritual, por su don de escuchar, por la capacidad de decir cosas importantes con sencillez y sabidur\u00eda, por vivir la amistad y la virtud de la humildad en grado extremo, sin perder nunca la alegr\u00eda ni \u201c<i>odiar al mundo que la arrinconaba<\/i>\u201d cuando lleg\u00f3 el tiempo de la vida oculta, que en su caso fueron los \u00faltimos 32 a\u00f1os de su vida.<\/span><\/p>\t\t\t\t\t\t\t\t<\/div>\n\t\t\t\t<\/div>\n\t\t\t\t\t<\/div>\n\t\t\t\t<\/div>\n\t\t<div class=\"elementor-element elementor-element-6d51d99 e-flex e-con-boxed e-con e-parent\" data-id=\"6d51d99\" data-element_type=\"container\" data-e-type=\"container\">\n\t\t\t\t\t<div class=\"e-con-inner\">\n\t\t<div class=\"elementor-element elementor-element-dc1cd3e e-con-full e-flex e-con e-child\" data-id=\"dc1cd3e\" data-element_type=\"container\" data-e-type=\"container\">\n\t\t\t\t<div class=\"elementor-element elementor-element-6b5b4c7 elementor-widget elementor-widget-image\" data-id=\"6b5b4c7\" data-element_type=\"widget\" data-e-type=\"widget\" data-widget_type=\"image.default\">\n\t\t\t\t<div class=\"elementor-widget-container\">\n\t\t\t\t\t\t\t\t\t\t\t\t\t\t\t<img decoding=\"async\" width=\"724\" height=\"1024\" src=\"https:\/\/www.esclavasconosur.org\/sitio\/wp-content\/uploads\/2024\/10\/2-724x1024.png\" class=\"attachment-large size-large wp-image-208\" alt=\"\" srcset=\"https:\/\/www.esclavasconosur.org\/sitio\/wp-content\/uploads\/2024\/10\/2-724x1024.png 724w, https:\/\/www.esclavasconosur.org\/sitio\/wp-content\/uploads\/2024\/10\/2-212x300.png 212w, https:\/\/www.esclavasconosur.org\/sitio\/wp-content\/uploads\/2024\/10\/2-768x1086.png 768w, https:\/\/www.esclavasconosur.org\/sitio\/wp-content\/uploads\/2024\/10\/2-1086x1536.png 1086w, https:\/\/www.esclavasconosur.org\/sitio\/wp-content\/uploads\/2024\/10\/2.png 1414w\" sizes=\"(max-width: 724px) 100vw, 724px\" \/>\t\t\t\t\t\t\t\t\t\t\t\t\t\t\t<\/div>\n\t\t\t\t<\/div>\n\t\t\t\t<\/div>\n\t\t<div class=\"elementor-element elementor-element-fc83389 e-con-full e-flex e-con e-child\" data-id=\"fc83389\" data-element_type=\"container\" data-e-type=\"container\">\n\t\t\t\t<div class=\"elementor-element elementor-element-8ef8914 elementor-widget elementor-widget-text-editor\" data-id=\"8ef8914\" data-element_type=\"widget\" data-e-type=\"widget\" data-widget_type=\"text-editor.default\">\n\t\t\t\t<div class=\"elementor-widget-container\">\n\t\t\t\t\t\t\t\t\t<p><span style=\"font-weight: 400;\">Dolores, Madre Pilar, en la vida religiosa, fue la ejecutora, la hermana mayor que encaraba y afrontaba las decisiones dif\u00edciles de sostener sus opciones en ocasiones con autoridades eclesi\u00e1sticas. Fue la emprendedora en varias de las fundaciones del inicio, la que reclamaba a su hermana, ya Superiora General, hermanas para las obras que consideraba importante fortalecer.\u00a0<\/span><span style=\"font-weight: 400;\">Este \u00edmpetu tuvo derroteros que implicaron dolor y sufrimiento, sobre todo para su hermana.\u00a0<\/span><\/p><p>Su fuerte experiencia de Dios le posibilit\u00f3 reconocer sus errores y tambi\u00e9n ella asumir su tiempo de vida oculta sostenida por su &#8220;Amo&#8221;: &#8220;<em>Bendito se\u00e1is, Se\u00f1or, que tanta misericordia hab\u00e9is usado con quien tanto te ha ofendido y despreciado<\/em>&#8220;.<\/p><p><span style=\"font-weight: 400;\">En las biograf\u00edas de Santa Rafaela Mar\u00eda y de la Madre Pilar, las Esclavas del Sagrado Coraz\u00f3n de Jes\u00fas reconocemos los rasgos de nuestro carisma, la colaboraci\u00f3n con la gracia de Dios en medio de desencuentros y el testimonio elocuente de la fidelidad de Dios y de cada una de ellas.<\/span><\/p>\t\t\t\t\t\t\t\t<\/div>\n\t\t\t\t<\/div>\n\t\t\t\t<\/div>\n\t\t\t\t\t<\/div>\n\t\t\t\t<\/div>\n\t\t\t\t<\/div>\n\t\t","protected":false},"excerpt":{"rendered":"<p>NUESTRAS FUNDADORAS Dos mujeres, hermanas, nacidas en Pedro Abad, pueblo cercano a la ciudad espa\u00f1ola de C\u00f3rdoba, fueron nuestras fundadoras: Rafaela Mar\u00eda (1850-1925) y Dolores, Porras Ayll\u00f3n (1846-1916). Criadas en una familia donde la fe cristiana se tradujo en la piedad y en las pr\u00e1cticas del buen samaritano: un ejemplo contundente fue la muerte de&#8230;<\/p>\n","protected":false},"author":1,"featured_media":0,"parent":0,"menu_order":0,"comment_status":"closed","ping_status":"closed","template":"elementor_theme","meta":{"_kadence_starter_templates_imported_post":false,"_kad_post_transparent":"","_kad_post_title":"hide","_kad_post_layout":"fullwidth","_kad_post_sidebar_id":"","_kad_post_content_style":"unboxed","_kad_post_vertical_padding":"hide","_kad_post_feature":"hide","_kad_post_feature_position":"","_kad_post_header":false,"_kad_post_footer":false,"_kad_post_classname":"","footnotes":""},"class_list":["post-201","page","type-page","status-publish","hentry"],"jetpack_sharing_enabled":true,"_links":{"self":[{"href":"https:\/\/www.esclavasconosur.org\/sitio\/index.php?rest_route=\/wp\/v2\/pages\/201","targetHints":{"allow":["GET"]}}],"collection":[{"href":"https:\/\/www.esclavasconosur.org\/sitio\/index.php?rest_route=\/wp\/v2\/pages"}],"about":[{"href":"https:\/\/www.esclavasconosur.org\/sitio\/index.php?rest_route=\/wp\/v2\/types\/page"}],"author":[{"embeddable":true,"href":"https:\/\/www.esclavasconosur.org\/sitio\/index.php?rest_route=\/wp\/v2\/users\/1"}],"replies":[{"embeddable":true,"href":"https:\/\/www.esclavasconosur.org\/sitio\/index.php?rest_route=%2Fwp%2Fv2%2Fcomments&post=201"}],"version-history":[{"count":25,"href":"https:\/\/www.esclavasconosur.org\/sitio\/index.php?rest_route=\/wp\/v2\/pages\/201\/revisions"}],"predecessor-version":[{"id":266,"href":"https:\/\/www.esclavasconosur.org\/sitio\/index.php?rest_route=\/wp\/v2\/pages\/201\/revisions\/266"}],"wp:attachment":[{"href":"https:\/\/www.esclavasconosur.org\/sitio\/index.php?rest_route=%2Fwp%2Fv2%2Fmedia&parent=201"}],"curies":[{"name":"wp","href":"https:\/\/api.w.org\/{rel}","templated":true}]}}