{"id":2,"date":"2024-08-30T17:37:48","date_gmt":"2024-08-30T20:37:48","guid":{"rendered":"https:\/\/www.esclavasconosur.org\/sitio\/?page_id=2"},"modified":"2024-10-21T22:07:39","modified_gmt":"2024-10-22T01:07:39","slug":"pagina-ejemplo","status":"publish","type":"page","link":"https:\/\/www.esclavasconosur.org\/sitio\/?page_id=2","title":{"rendered":"P\u00e1gina de ejemplo"},"content":{"rendered":"\t\t<div data-elementor-type=\"wp-page\" data-elementor-id=\"2\" class=\"elementor elementor-2\">\n\t\t\t\t<div class=\"elementor-element elementor-element-04bf424 e-con-full e-flex e-con e-parent\" data-id=\"04bf424\" data-element_type=\"container\" data-e-type=\"container\">\n\t\t\t\t<div class=\"elementor-element elementor-element-d5ccf55 elementor-widget elementor-widget-image\" data-id=\"d5ccf55\" data-element_type=\"widget\" data-e-type=\"widget\" data-widget_type=\"image.default\">\n\t\t\t\t<div class=\"elementor-widget-container\">\n\t\t\t\t\t\t\t\t\t\t\t\t\t\t\t<img decoding=\"async\" width=\"300\" height=\"77\" src=\"https:\/\/www.esclavasconosur.org\/sitio\/wp-content\/uploads\/2024\/10\/Provincia-Latinoamericana-del-Cono-Sur-1-1-300x77.png\" class=\"attachment-medium size-medium wp-image-258\" alt=\"\" srcset=\"https:\/\/www.esclavasconosur.org\/sitio\/wp-content\/uploads\/2024\/10\/Provincia-Latinoamericana-del-Cono-Sur-1-1-300x77.png 300w, https:\/\/www.esclavasconosur.org\/sitio\/wp-content\/uploads\/2024\/10\/Provincia-Latinoamericana-del-Cono-Sur-1-1-1024x263.png 1024w, https:\/\/www.esclavasconosur.org\/sitio\/wp-content\/uploads\/2024\/10\/Provincia-Latinoamericana-del-Cono-Sur-1-1-768x197.png 768w, https:\/\/www.esclavasconosur.org\/sitio\/wp-content\/uploads\/2024\/10\/Provincia-Latinoamericana-del-Cono-Sur-1-1.png 1377w\" sizes=\"(max-width: 300px) 100vw, 300px\" \/>\t\t\t\t\t\t\t\t\t\t\t\t\t\t\t<\/div>\n\t\t\t\t<\/div>\n\t\t\t\t<\/div>\n\t\t<div class=\"elementor-element elementor-element-ae9f6d8 e-flex e-con-boxed e-con e-parent\" data-id=\"ae9f6d8\" data-element_type=\"container\" data-e-type=\"container\">\n\t\t\t\t\t<div class=\"e-con-inner\">\n\t\t\t\t<div class=\"elementor-element elementor-element-a6af654 elementor-widget elementor-widget-text-editor\" data-id=\"a6af654\" data-element_type=\"widget\" data-e-type=\"widget\" data-widget_type=\"text-editor.default\">\n\t\t\t\t<div class=\"elementor-widget-container\">\n\t\t\t\t\t\t\t\t\t<p style=\"text-align: left;\"><em>&#8220;Yo s\u00e9 por experiencia cu\u00e1nto me ama y mira por m\u00ed. Dejarme en las manos de mi Dios con entera confianza, como una hija en los brazos de su madre.\u00a0<strong>Vi\u00e9ndome peque\u00f1a estoy en mi centro porque veo todo lo hace Dios en m\u00ed y en mis cosas,\u00a0<\/strong>que es lo que yo quiero\u201d.\u00a0 \u00a0 \u00a0<\/em>Santa Rafaela Mar\u00eda\u00a0<\/p><p>Somos Esclavas del Sagrado Coraz\u00f3n de Jes\u00fas, una congregaci\u00f3n religiosa de vida activa, que nos convoca a\u00a0mujeres que seguimos experimentando en nuestras vidas la fuerza del Amor de Jes\u00fas, que nos llama a seguirlo, a\u00a0<strong>\u201camar, adorar y servir\u201d<\/strong>\u00a0desde su manera de ver la vida.\u00a0<\/p><p>Nuestra Provincia se conforma con tres pa\u00edses: Uruguay, Chile y Argentina. Queremos compartir nuestra vida y misi\u00f3n, lo que nos mueve desde adentro y tanta Vida que se despliega en cada una de nuestras presencias. Te invitamos a explorar nuestro sitio y descubrirlo con nosotras.\u00a0<\/p>\t\t\t\t\t\t\t\t<\/div>\n\t\t\t\t<\/div>\n\t\t\t\t\t<\/div>\n\t\t\t\t<\/div>\n\t\t\t\t<\/div>\n\t\t","protected":false},"excerpt":{"rendered":"<p>&#8220;Yo s\u00e9 por experiencia cu\u00e1nto me ama y mira por m\u00ed. Dejarme en las manos de mi Dios con entera confianza, como una hija en los brazos de su madre.\u00a0Vi\u00e9ndome peque\u00f1a estoy en mi centro porque veo todo lo hace Dios en m\u00ed y en mis cosas,\u00a0que es lo que yo quiero\u201d.\u00a0 \u00a0 \u00a0Santa Rafaela&#8230;<\/p>\n","protected":false},"author":1,"featured_media":0,"parent":0,"menu_order":0,"comment_status":"closed","ping_status":"open","template":"elementor_header_footer","meta":{"_kadence_starter_templates_imported_post":false,"_kad_post_transparent":"","_kad_post_title":"hide","_kad_post_layout":"fullwidth","_kad_post_sidebar_id":"","_kad_post_content_style":"unboxed","_kad_post_vertical_padding":"hide","_kad_post_feature":"hide","_kad_post_feature_position":"","_kad_post_header":false,"_kad_post_footer":false,"_kad_post_classname":"","footnotes":""},"class_list":["post-2","page","type-page","status-publish","hentry"],"jetpack_sharing_enabled":true,"_links":{"self":[{"href":"https:\/\/www.esclavasconosur.org\/sitio\/index.php?rest_route=\/wp\/v2\/pages\/2","targetHints":{"allow":["GET"]}}],"collection":[{"href":"https:\/\/www.esclavasconosur.org\/sitio\/index.php?rest_route=\/wp\/v2\/pages"}],"about":[{"href":"https:\/\/www.esclavasconosur.org\/sitio\/index.php?rest_route=\/wp\/v2\/types\/page"}],"author":[{"embeddable":true,"href":"https:\/\/www.esclavasconosur.org\/sitio\/index.php?rest_route=\/wp\/v2\/users\/1"}],"replies":[{"embeddable":true,"href":"https:\/\/www.esclavasconosur.org\/sitio\/index.php?rest_route=%2Fwp%2Fv2%2Fcomments&post=2"}],"version-history":[{"count":23,"href":"https:\/\/www.esclavasconosur.org\/sitio\/index.php?rest_route=\/wp\/v2\/pages\/2\/revisions"}],"predecessor-version":[{"id":374,"href":"https:\/\/www.esclavasconosur.org\/sitio\/index.php?rest_route=\/wp\/v2\/pages\/2\/revisions\/374"}],"wp:attachment":[{"href":"https:\/\/www.esclavasconosur.org\/sitio\/index.php?rest_route=%2Fwp%2Fv2%2Fmedia&parent=2"}],"curies":[{"name":"wp","href":"https:\/\/api.w.org\/{rel}","templated":true}]}}